{"id":1018,"date":"2016-06-03T09:18:54","date_gmt":"2016-06-03T09:18:54","guid":{"rendered":"https:\/\/www.staging.campingpanorama.info\/wp\/de\/?page_id=1018"},"modified":"2020-05-31T09:00:39","modified_gmt":"2020-05-31T09:00:39","slug":"wo-wir-sind","status":"publish","type":"page","link":"https:\/\/www.staging.campingpanorama.info\/de\/wo-wir-sind\/","title":{"rendered":"Wo wir sind"},"content":{"rendered":"<p>[vc_row][vc_column][vc_column_text]Unser Camping Panorama in Dongo am Comer See liegt etwa 40 km von Como, 45 km von Lugano, 90 Auto-Minuten von St. Moritz und Mailand entfernt.<br \/>\nDie Stadt Dongo geworden f\u00fcr verschiedene historische Ereignisse bekannt, darunter der Epilog des Faschismus mit der Einnahme von Mussolini im April 1945.<\/p>\n<p>Diese Region hat dazu beigetragen, die Sch\u00f6nheit der Landschaft in den letzten Jahrzehnten zu verbessern, indem sie ma\u00dfgeschneiderte Ferien f\u00fcr alle, sowohl diejenigen, die Frieden und Ruhe, sowohl als ein Zentrum f\u00fcr sportliche Aktivit\u00e4ten.[\/vc_column_text][\/vc_column][\/vc_row]<\/p>\n","protected":false},"excerpt":{"rendered":"<p>Homeowners can have confidence in their choice of a metal roofing contractor knowing they have met certain requirements in their services.<\/p>\n","protected":false},"author":1,"featured_media":0,"parent":0,"menu_order":0,"comment_status":"open","ping_status":"open","template":"","meta":{"footnotes":""},"class_list":["post-1018","page","type-page","status-publish","hentry"],"yoast_head":"<!-- This site is optimized with the Yoast SEO plugin v24.6 - https:\/\/yoast.com\/wordpress\/plugins\/seo\/ -->\n<title>Wo wir sind - Camping Panorama<\/title>\n<meta name=\"robots\" content=\"noindex, follow, max-snippet:-1, max-image-preview:large, max-video-preview:-1\" \/>\n<meta property=\"og:locale\" content=\"de_DE\" \/>\n<meta property=\"og:type\" content=\"article\" \/>\n<meta property=\"og:title\" content=\"Wo wir sind - Camping Panorama\" \/>\n<meta property=\"og:description\" content=\"Homeowners can have confidence in their choice of a metal roofing contractor knowing they have met certain requirements in their services.\" \/>\n<meta property=\"og:url\" content=\"https:\/\/www.staging.campingpanorama.info\/de\/wo-wir-sind\/\" \/>\n<meta property=\"og:site_name\" content=\"Camping Panorama\" \/>\n<meta property=\"article:publisher\" content=\"https:\/\/www.facebook.com\/campingpanorama.info\/\" \/>\n<meta property=\"article:modified_time\" content=\"2020-05-31T09:00:39+00:00\" \/>\n<meta name=\"twitter:card\" content=\"summary_large_image\" \/>\n<script type=\"application\/ld+json\" class=\"yoast-schema-graph\">{\"@context\":\"https:\/\/schema.org\",\"@graph\":[{\"@type\":\"WebPage\",\"@id\":\"https:\/\/www.staging.campingpanorama.info\/de\/wo-wir-sind\/\",\"url\":\"https:\/\/www.staging.campingpanorama.info\/de\/wo-wir-sind\/\",\"name\":\"Wo wir sind - Camping Panorama\",\"isPartOf\":{\"@id\":\"https:\/\/www.staging.campingpanorama.info\/it\/#website\"},\"datePublished\":\"2016-06-03T09:18:54+00:00\",\"dateModified\":\"2020-05-31T09:00:39+00:00\",\"breadcrumb\":{\"@id\":\"https:\/\/www.staging.campingpanorama.info\/de\/wo-wir-sind\/#breadcrumb\"},\"inLanguage\":\"de\",\"potentialAction\":[{\"@type\":\"ReadAction\",\"target\":[\"https:\/\/www.staging.campingpanorama.info\/de\/wo-wir-sind\/\"]}]},{\"@type\":\"BreadcrumbList\",\"@id\":\"https:\/\/www.staging.campingpanorama.info\/de\/wo-wir-sind\/#breadcrumb\",\"itemListElement\":[{\"@type\":\"ListItem\",\"position\":1,\"name\":\"Home\",\"item\":\"https:\/\/www.staging.campingpanorama.info\/de\/home\/\"},{\"@type\":\"ListItem\",\"position\":2,\"name\":\"Wo wir sind\"}]},{\"@type\":\"WebSite\",\"@id\":\"https:\/\/www.staging.campingpanorama.info\/it\/#website\",\"url\":\"https:\/\/www.staging.campingpanorama.info\/it\/\",\"name\":\"Camping Panorama\",\"description\":\"Dongo\",\"potentialAction\":[{\"@type\":\"SearchAction\",\"target\":{\"@type\":\"EntryPoint\",\"urlTemplate\":\"https:\/\/www.staging.campingpanorama.info\/it\/?s={search_term_string}\"},\"query-input\":{\"@type\":\"PropertyValueSpecification\",\"valueRequired\":true,\"valueName\":\"search_term_string\"}}],\"inLanguage\":\"de\"}]}<\/script>\n<!-- \/ Yoast SEO plugin. -->","yoast_head_json":{"title":"Wo wir sind - Camping Panorama","robots":{"index":"noindex","follow":"follow","max-snippet":"max-snippet:-1","max-image-preview":"max-image-preview:large","max-video-preview":"max-video-preview:-1"},"og_locale":"de_DE","og_type":"article","og_title":"Wo wir sind - Camping Panorama","og_description":"Homeowners can have confidence in their choice of a metal roofing contractor knowing they have met certain requirements in their services.","og_url":"https:\/\/www.staging.campingpanorama.info\/de\/wo-wir-sind\/","og_site_name":"Camping Panorama","article_publisher":"https:\/\/www.facebook.com\/campingpanorama.info\/","article_modified_time":"2020-05-31T09:00:39+00:00","twitter_card":"summary_large_image","schema":{"@context":"https:\/\/schema.org","@graph":[{"@type":"WebPage","@id":"https:\/\/www.staging.campingpanorama.info\/de\/wo-wir-sind\/","url":"https:\/\/www.staging.campingpanorama.info\/de\/wo-wir-sind\/","name":"Wo wir sind - Camping Panorama","isPartOf":{"@id":"https:\/\/www.staging.campingpanorama.info\/it\/#website"},"datePublished":"2016-06-03T09:18:54+00:00","dateModified":"2020-05-31T09:00:39+00:00","breadcrumb":{"@id":"https:\/\/www.staging.campingpanorama.info\/de\/wo-wir-sind\/#breadcrumb"},"inLanguage":"de","potentialAction":[{"@type":"ReadAction","target":["https:\/\/www.staging.campingpanorama.info\/de\/wo-wir-sind\/"]}]},{"@type":"BreadcrumbList","@id":"https:\/\/www.staging.campingpanorama.info\/de\/wo-wir-sind\/#breadcrumb","itemListElement":[{"@type":"ListItem","position":1,"name":"Home","item":"https:\/\/www.staging.campingpanorama.info\/de\/home\/"},{"@type":"ListItem","position":2,"name":"Wo wir sind"}]},{"@type":"WebSite","@id":"https:\/\/www.staging.campingpanorama.info\/it\/#website","url":"https:\/\/www.staging.campingpanorama.info\/it\/","name":"Camping Panorama","description":"Dongo","potentialAction":[{"@type":"SearchAction","target":{"@type":"EntryPoint","urlTemplate":"https:\/\/www.staging.campingpanorama.info\/it\/?s={search_term_string}"},"query-input":{"@type":"PropertyValueSpecification","valueRequired":true,"valueName":"search_term_string"}}],"inLanguage":"de"}]}},"_links":{"self":[{"href":"https:\/\/www.staging.campingpanorama.info\/de\/wp-json\/wp\/v2\/pages\/1018","targetHints":{"allow":["GET"]}}],"collection":[{"href":"https:\/\/www.staging.campingpanorama.info\/de\/wp-json\/wp\/v2\/pages"}],"about":[{"href":"https:\/\/www.staging.campingpanorama.info\/de\/wp-json\/wp\/v2\/types\/page"}],"author":[{"embeddable":true,"href":"https:\/\/www.staging.campingpanorama.info\/de\/wp-json\/wp\/v2\/users\/1"}],"replies":[{"embeddable":true,"href":"https:\/\/www.staging.campingpanorama.info\/de\/wp-json\/wp\/v2\/comments?post=1018"}],"version-history":[{"count":2,"href":"https:\/\/www.staging.campingpanorama.info\/de\/wp-json\/wp\/v2\/pages\/1018\/revisions"}],"predecessor-version":[{"id":1423,"href":"https:\/\/www.staging.campingpanorama.info\/de\/wp-json\/wp\/v2\/pages\/1018\/revisions\/1423"}],"wp:attachment":[{"href":"https:\/\/www.staging.campingpanorama.info\/de\/wp-json\/wp\/v2\/media?parent=1018"}],"curies":[{"name":"wp","href":"https:\/\/api.w.org\/{rel}","templated":true}]}}